{"id":802,"date":"2015-05-21T10:26:58","date_gmt":"2015-05-21T10:26:58","guid":{"rendered":"http:\/\/shankars.axon.com.sg\/electronics\/?page_id=802"},"modified":"2016-04-06T17:17:44","modified_gmt":"2016-04-06T09:17:44","slug":"de-nous","status":"publish","type":"page","link":"https:\/\/www.shankars.com\/index.php\/de-nous\/","title":{"rendered":"De Nous"},"content":{"rendered":"<p style=\"text-align: right;\"><strong><a href=\"http:\/\/shankars.com\/index.php\/about-us-3\/\">English<\/a>\u00a0| <a title=\"De Nous\" href=\"http:\/\/shankars.com\/index.php\/de-nous\/\">Fran\u00e7ais<\/a><\/strong><\/p>\n<p><strong>Profil D\u2019Entreprise<\/strong><\/p>\n<p style=\"text-align: left;\"><span style=\"text-decoration: underline;\">Shankars Emporium: Votre associ\u00e9 mondial de choix <\/span>Bas\u00e9 \u00e0 Singapour, Shankar\u2019s Emporium a des op\u00e9rations commerciales \u00e0 Singapour et au Moyen-Orient. Nous sommes sp\u00e9cialistes dans la distribution B2B d\u2019\u00e9lectronique grand public, en particulier des produits blancs, appareils audio\/visuel, et appareils de cuisine.Maintenant dans ce domaine depuis plus de 50 ans, Shankar\u2019s a construit un r\u00e9seau extensif de clients et fournisseurs \u00e0 travers le monde, couvrant tout aspect de l&#8217;import\/export avec rapidit\u00e9 et efficacit\u00e9, en utilisant les m\u00e9thodes les plus rentables. Nous nous effor\u00e7ons, en continu, d\u2019am\u00e9liorer les pratiques de l\u2019industrie, de proposer les plus grandes marques et le plus grand choix de produits et de mod\u00e8les \u00e0 travers des spectres d\u2019\u00e9lectronique grand public, appareils \u00e9lectrom\u00e9nagers et \u00e9quipement de bureaux.<\/p>\n<p>Notre expertise du march\u00e9, connaissance approfondie de produit, et des r\u00e9seaux fournisseur-client forts, nous permettent d\u2019exceller dans notre travail afin de mieux servir nos clients. Sony, Sharp, Toshiba, Panasonic, LG, Samsung, et Philips sont quelques marques avec qui nous sommes partenaires et que nous soutenons. Pour apprendre plus de nos gammes de produits, appuyez ici.<\/p>\n<p><strong>D\u00e9claration de Mission: Nous aspirons \u00e0 devenir l\u2019acteur principal dans le domaine de commerce \u00e9lectronique grand public en Asie et l\u2019Afrique.<\/strong><\/p>\n<p><strong>Nos valeurs:<\/strong><\/p>\n<ul>\n<li>Int\u00e9grit\u00e9: Nous nous effor\u00e7ons de fournir un service de qualit\u00e9 \u00e0 tous nos clients.<\/li>\n<li>Comp\u00e9tence: Nous promettons une livraison rapide et pr\u00e9cise des marchandises.<\/li>\n<li>Innovation: Nous encourageons et favorisons un environnement de travail qui permet de g\u00e9n\u00e9rer des id\u00e9es et efforts pour l\u2019am\u00e9lioration de nos processus commerciaux.<\/li>\n<\/ul>\n<p><strong>Nos Op\u00e9rations<\/strong><\/p>\n<ul>\n<li>La communication \u00e9troite, et la collaboration entre nos bureaux r\u00e9gionaux de Dubai et Singapour et leurs structures respectives de stockage et logistique nous permettent d\u2019exp\u00e9dier des marchandises \u00e0 nos destinations avec rapidit\u00e9 et efficacit\u00e9.<\/li>\n<li>Nos liens forts avec 3PL\u2019s, et depuis longtemps, permettent l\u2019exp\u00e9dition des marchandises aux prix les plus comp\u00e9titifs, \u00e0 votre destination de choix.<\/li>\n<li>Nos fonctions administratives internes telles que l\u2019exp\u00e9dition, le stockage et l\u2019informatique sont g\u00e9r\u00e9es par des personnels exp\u00e9riment\u00e9s et comp\u00e9tents, assurant un service qui est prompt et professionnel.<\/li>\n<\/ul>\n<p>Pour tout renseignement compl\u00e9mentaire, veuillez nous contacter \u00e0 <a href=\"mailto:information@shankars.com\">information@shankars.com<\/a><\/p>\n<p style=\"text-align: left;\">\nPour visiter le site de notre soci\u00e9t\u00e9 m\u00e8re , s&#8217;il vous pla\u00eet <a href=\"http:\/\/corporate.shankars.com\/index.php\/fr\" target=\"_blank\">cliquez ici<\/a>.<\/p>\n","protected":false},"excerpt":{"rendered":"<p>English\u00a0| Fran\u00e7ais<br \/>\nProfil D\u2019Entreprise<br \/>\nShankars Emporium: Votre associ\u00e9 mondial de choix Bas\u00e9 \u00e0 Singapour, Shankar\u2019s Emporium a des op\u00e9rations commerciales \u00e0 Singapour et au Moyen-Orient. Nous sommes sp\u00e9cialistes dans la distribution B2B d\u2019\u00e9lectronique grand public, en particulier des produits blancs, appareils audio\/visuel, et appareils de cuisine.Maintenant dans ce domaine depuis plus de 50 ans, Shankar\u2019s a construit un r\u00e9seau extensif de clients et fournisseurs \u00e0 travers le monde, couvrant tout aspect de l&#8217;import\/export avec rapidit\u00e9 et efficacit\u00e9, en utilisant les &#8230;<\/p>\n","protected":false},"author":2,"featured_media":0,"parent":0,"menu_order":0,"comment_status":"closed","ping_status":"closed","template":"","meta":[],"_links":{"self":[{"href":"https:\/\/www.shankars.com\/index.php\/wp-json\/wp\/v2\/pages\/802"}],"collection":[{"href":"https:\/\/www.shankars.com\/index.php\/wp-json\/wp\/v2\/pages"}],"about":[{"href":"https:\/\/www.shankars.com\/index.php\/wp-json\/wp\/v2\/types\/page"}],"author":[{"embeddable":true,"href":"https:\/\/www.shankars.com\/index.php\/wp-json\/wp\/v2\/users\/2"}],"replies":[{"embeddable":true,"href":"https:\/\/www.shankars.com\/index.php\/wp-json\/wp\/v2\/comments?post=802"}],"version-history":[{"count":8,"href":"https:\/\/www.shankars.com\/index.php\/wp-json\/wp\/v2\/pages\/802\/revisions"}],"predecessor-version":[{"id":928,"href":"https:\/\/www.shankars.com\/index.php\/wp-json\/wp\/v2\/pages\/802\/revisions\/928"}],"wp:attachment":[{"href":"https:\/\/www.shankars.com\/index.php\/wp-json\/wp\/v2\/media?parent=802"}],"curies":[{"name":"wp","href":"https:\/\/api.w.org\/{rel}","templated":true}]}}