{"id":797,"date":"2015-05-21T10:12:25","date_gmt":"2015-05-21T10:12:25","guid":{"rendered":"http:\/\/shankars.axon.com.sg\/electronics\/?page_id=797"},"modified":"2016-04-06T11:48:56","modified_gmt":"2016-04-06T03:48:56","slug":"fr","status":"publish","type":"page","link":"https:\/\/www.shankars.com\/index.php\/fr\/","title":{"rendered":"Home &#8211; FR"},"content":{"rendered":"<p style=\"text-align: right;\"><strong><a href=\"http:\/\/shankars.com\/\">English<\/a>\u00a0| <a href=\"http:\/\/shankars.com\/index.php\/fr\">Fran\u00e7ais<\/a><\/strong><\/p>\n<p style=\"text-align: left;\">\n<div class=\"callout-wrap\"><span>\r\n\r\n<h4 style=\"text-align: center;\"><strong>Electronique Grand Publique de marque<\/strong><\/h4>\r\nShankar\u2019s Emporium Pte Ltd se sp\u00e9cialise dans la distribution B2B d\u2019\u00e9lectronique grand public, en particulier des produits blancs et des appareils de cuisine. Nos bureaux r\u00e9gionaux sont situ\u00e9s \u00e0 Singapour et Dubai.\r\n<\/span><\/div><!-- END callout-wrap --><br class=\"clear\" \/>\n","protected":false},"excerpt":{"rendered":"<p>English\u00a0| Fran\u00e7ais<\/p>\n","protected":false},"author":2,"featured_media":0,"parent":0,"menu_order":0,"comment_status":"closed","ping_status":"closed","template":"template-blank-canvas.php","meta":[],"_links":{"self":[{"href":"https:\/\/www.shankars.com\/index.php\/wp-json\/wp\/v2\/pages\/797"}],"collection":[{"href":"https:\/\/www.shankars.com\/index.php\/wp-json\/wp\/v2\/pages"}],"about":[{"href":"https:\/\/www.shankars.com\/index.php\/wp-json\/wp\/v2\/types\/page"}],"author":[{"embeddable":true,"href":"https:\/\/www.shankars.com\/index.php\/wp-json\/wp\/v2\/users\/2"}],"replies":[{"embeddable":true,"href":"https:\/\/www.shankars.com\/index.php\/wp-json\/wp\/v2\/comments?post=797"}],"version-history":[{"count":4,"href":"https:\/\/www.shankars.com\/index.php\/wp-json\/wp\/v2\/pages\/797\/revisions"}],"predecessor-version":[{"id":920,"href":"https:\/\/www.shankars.com\/index.php\/wp-json\/wp\/v2\/pages\/797\/revisions\/920"}],"wp:attachment":[{"href":"https:\/\/www.shankars.com\/index.php\/wp-json\/wp\/v2\/media?parent=797"}],"curies":[{"name":"wp","href":"https:\/\/api.w.org\/{rel}","templated":true}]}}